{"id":2,"date":"2019-08-13T10:43:56","date_gmt":"2019-08-13T10:43:56","guid":{"rendered":"https:\/\/www.tuttoergonomia.it\/?page_id=2"},"modified":"2019-10-11T11:38:02","modified_gmt":"2019-10-11T11:38:02","slug":"sample-page","status":"publish","type":"page","link":"https:\/\/www.tuttoergonomia.it\/","title":{"rendered":"Home"},"content":{"rendered":"<p>[et_pb_section fb_built=&#8221;1&#8243; _builder_version=&#8221;3.27.3&#8243; background_image=&#8221;https:\/\/www.tuttoergonomia.it\/wp-content\/uploads\/2019\/09\/tuttoergonomia-sfondo-b.jpg&#8221; min_height=&#8221;100vh&#8221; fb_built=&#8221;1&#8243; _i=&#8221;0&#8243; _address=&#8221;0&#8243;][et_pb_row custom_padding_last_edited=&#8221;on|desktop&#8221; _builder_version=&#8221;3.27.3&#8243; custom_padding=&#8221;30vh||||false|false&#8221; custom_padding_tablet=&#8221;25vh||||false|false&#8221; custom_padding_phone=&#8221;15vh||||false|false&#8221; hover_enabled=&#8221;0&#8243; _i=&#8221;1&#8243; _address=&#8221;0.1&#8243; column_structure=&#8221;1_2,1_2&#8243;][et_pb_column type=&#8221;1_2&#8243; _builder_version=&#8221;3.27.3&#8243; _i=&#8221;0&#8243; _address=&#8221;0.1.0&#8243;][et_pb_text _builder_version=&#8221;3.27.3&#8243; hover_enabled=&#8221;0&#8243; text_font_size=&#8221;20px&#8221; text_line_height=&#8221;2em&#8221;]<\/p>\n<h1 style=\"text-align: center;\"><span style=\"color: #ff6600;\"><strong>Rispetta la tua schiena e migliora la tua vita e il tuo lavoro<\/strong><\/span><\/h1>\n<p>[\/et_pb_text][\/et_pb_column][et_pb_column _builder_version=&#8221;3.27.3&#8243; type=&#8221;1_2&#8243;][et_pb_cta title=&#8221;Contattaci o chiedi un preventivo&#8221; button_url=&#8221;#contatti&#8221; button_text=&#8221;Invia&#8221; _builder_version=&#8221;3.27.3&#8243; background_color=&#8221;#ff6600&#8243; _i=&#8221;0&#8243; _address=&#8221;0.1.0.0&#8243;]<\/p>\n<p>Richiedi un preventivo personalizzato per la tua azienda o contattaci per conoscere meglio di cosa si tratta<\/p>\n<p>[\/et_pb_cta][\/et_pb_column][\/et_pb_row][\/et_pb_section][et_pb_section fb_built=&#8221;1&#8243; module_id=&#8221;sedersi-correttamente&#8221; _builder_version=&#8221;3.27.3&#8243; custom_padding=&#8221;||28px|||&#8221; fb_built=&#8221;1&#8243; _i=&#8221;1&#8243; _address=&#8221;1&#8243;][et_pb_row _builder_version=&#8221;3.27.3&#8243; _i=&#8221;0&#8243; _address=&#8221;1.0&#8243;][et_pb_column type=&#8221;4_4&#8243; _builder_version=&#8221;3.27.3&#8243; _i=&#8221;0&#8243; _address=&#8221;1.0.0&#8243;][et_pb_text _builder_version=&#8221;3.27.3&#8243; _i=&#8221;0&#8243; _address=&#8221;1.0.0.0&#8243;]<\/p>\n<h2 style=\"text-align: center;\"><strong>Tuttoergonomia nasce per spiegare le posizioni corrette per chi resta molto tempo davanti al computer, attraverso video e documenti che illustrano le posizioni ergonomiche ottimali<\/strong><\/h2>\n<p>[\/et_pb_text][\/et_pb_column][\/et_pb_row][et_pb_row _builder_version=&#8221;3.27.3&#8243; _i=&#8221;1&#8243; _address=&#8221;1.1&#8243;][et_pb_column type=&#8221;4_4&#8243; _builder_version=&#8221;3.27.3&#8243; _i=&#8221;0&#8243; _address=&#8221;1.1.0&#8243;][et_pb_video src=&#8221;https:\/\/youtu.be\/4IS9nLM8b4I&#8221; thumbnail_overlay_color=&#8221;rgba(0,0,0,0.6)&#8221; _builder_version=&#8221;3.27.3&#8243; _i=&#8221;0&#8243; _address=&#8221;1.1.0.0&#8243;][\/et_pb_video][\/et_pb_column][\/et_pb_row][\/et_pb_section][et_pb_section fb_built=&#8221;1&#8243; module_id=&#8221;concetti-chiave&#8221; _builder_version=&#8221;3.27.3&#8243; custom_padding=&#8221;0px||0px|||&#8221; fb_built=&#8221;1&#8243; _i=&#8221;2&#8243; _address=&#8221;2&#8243;][et_pb_row _builder_version=&#8221;3.27.3&#8243; _i=&#8221;0&#8243; _address=&#8221;2.0&#8243;][et_pb_column type=&#8221;4_4&#8243; _builder_version=&#8221;3.27.3&#8243; _i=&#8221;0&#8243; _address=&#8221;2.0.0&#8243;][et_pb_text _builder_version=&#8221;3.27.3&#8243; _i=&#8221;0&#8243; _address=&#8221;2.0.0.0&#8243;]<\/p>\n<h2 style=\"text-align: center;\"><strong>Di seguito alcuni concetti chiave da tenere a mente quando si sta seduti davanti al computer<\/strong><\/h2>\n<p>[\/et_pb_text][\/et_pb_column][\/et_pb_row][\/et_pb_section][et_pb_section fb_built=&#8221;1&#8243; _builder_version=&#8221;3.27.3&#8243; custom_padding=&#8221;0px|||||&#8221; fb_built=&#8221;1&#8243; _i=&#8221;3&#8243; _address=&#8221;3&#8243;][et_pb_row column_structure=&#8221;1_2,1_2&#8243; _builder_version=&#8221;3.27.3&#8243; border_radii=&#8221;on|5px|5px|5px|5px&#8221; _i=&#8221;0&#8243; _address=&#8221;3.0&#8243;][et_pb_column type=&#8221;1_2&#8243; _builder_version=&#8221;3.27.3&#8243; _i=&#8221;0&#8243; _address=&#8221;3.0.0&#8243;][et_pb_cta title=&#8221;1. Non esistono delle sedute o dei tavoli uguali per tutti&#8221; _builder_version=&#8221;3.27.3&#8243; header_font=&#8221;|600|||||||&#8221; background_color=&#8221;#f4f4f4&#8243; background_layout=&#8221;light&#8221; _i=&#8221;0&#8243; _address=&#8221;3.0.0.0&#8243;]<\/p>\n<p><span style=\"font-weight: 400;\">perch\u00e9 fortemente dipendenti dalla statura del soggetto. \u00c8 essenziale perci\u00f2 regolare l&#8217;altezza della sedia e quella del tavolo a seconda delle persone.<\/span><\/p>\n<p>[\/et_pb_cta][\/et_pb_column][et_pb_column type=&#8221;1_2&#8243; _builder_version=&#8221;3.27.3&#8243; _i=&#8221;1&#8243; _address=&#8221;3.0.1&#8243;][et_pb_cta title=&#8221;2. Bisogna rispettare le 3 curve fisiologiche della colonna vertebrale&#8221; _builder_version=&#8221;3.27.3&#8243; header_font=&#8221;|600|||||||&#8221; background_color=&#8221;#f4f4f4&#8243; background_layout=&#8221;light&#8221; _i=&#8221;0&#8243; _address=&#8221;3.0.1.0&#8243;]<\/p>\n<p><span style=\"font-weight: 400;\">la lordosi lombare, la cifosi dorsale e la lordosi cervicale. Tali curve vanno rispettate sia in stazione eretta sia nella posizione seduta.<\/span><\/p>\n<p>[\/et_pb_cta][\/et_pb_column][\/et_pb_row][et_pb_row _builder_version=&#8221;3.27.3&#8243; _i=&#8221;1&#8243; _address=&#8221;3.1&#8243;][et_pb_column type=&#8221;4_4&#8243; _builder_version=&#8221;3.27.3&#8243; _i=&#8221;0&#8243; _address=&#8221;3.1.0&#8243;][et_pb_image src=&#8221;https:\/\/www.tuttoergonomia.it\/wp-content\/uploads\/2019\/09\/curve-schiena.jpg&#8221; _builder_version=&#8221;3.27.3&#8243; _i=&#8221;0&#8243; _address=&#8221;3.1.0.0&#8243;][\/et_pb_image][\/et_pb_column][\/et_pb_row][et_pb_row column_structure=&#8221;1_2,1_2&#8243; _builder_version=&#8221;3.27.3&#8243; _i=&#8221;2&#8243; _address=&#8221;3.2&#8243;][et_pb_column type=&#8221;1_2&#8243; _builder_version=&#8221;3.27.3&#8243; _i=&#8221;0&#8243; _address=&#8221;3.2.0&#8243;][et_pb_cta title=&#8221;3. Pi\u00f9 bassa \u00e8 la sedia, maggiore sar\u00e0 la difficolt\u00e0 a mantenere la curva lombare in lordosi&#8221; _builder_version=&#8221;3.27.3&#8243; header_font=&#8221;|600|||||||&#8221; background_color=&#8221;#f4f4f4&#8243; background_layout=&#8221;light&#8221; _i=&#8221;0&#8243; _address=&#8221;3.2.0.0&#8243;]<\/p>\n<p><span style=\"font-weight: 400;\">In questo caso la soluzione \u00e8 alzare il pi\u00f9 possibile la sedia affinch\u00e9 si garantisca la curva lombare in lordosi. Il supporto di un cuscino pu\u00f2 essere utile, cos\u00ec come stare seduti con le gambe divaricate e l&#8217;addome in avanti.<\/span><\/p>\n<p>[\/et_pb_cta][\/et_pb_column][et_pb_column type=&#8221;1_2&#8243; _builder_version=&#8221;3.27.3&#8243; _i=&#8221;1&#8243; _address=&#8221;3.2.1&#8243;][et_pb_cta title=&#8221;4. Anche la curva della cervicale deve essere in lordosi&#8221; _builder_version=&#8221;3.27.3&#8243; header_font=&#8221;|600|||||||&#8221; background_color=&#8221;#f4f4f4&#8243; background_layout=&#8221;light&#8221; _i=&#8221;0&#8243; _address=&#8221;3.2.1.0&#8243;]<\/p>\n<p><span style=\"font-weight: 400;\">lo sguardo verso lo schermo deve essere orientato in linea orizzontale e non verso il basso, altrimenti la curva cervicale v\u00e0 in cifosi; E&#8217; importante quindi regolare anche l&#8217;altezza dello schermo, in modo che favorisca uno sguardo orizzontale.<\/span><\/p>\n<p>[\/et_pb_cta][\/et_pb_column][\/et_pb_row][\/et_pb_section][et_pb_section fb_built=&#8221;1&#8243; fullwidth=&#8221;on&#8221; module_id=&#8221;origine-problema&#8221; _builder_version=&#8221;3.27.3&#8243; background_color=&#8221;#f4f4f4&#8243; fb_built=&#8221;1&#8243; _i=&#8221;4&#8243; _address=&#8221;4&#8243;][et_pb_fullwidth_header title=&#8221;Perch\u00e9 assumiamo una postura scorretta tendendo a %22chiudere%22 il corpo?&#8221; text_orientation=&#8221;center&#8221; _builder_version=&#8221;3.27.3&#8243; background_color=&#8221;#f4f4f4&#8243; background_layout=&#8221;light&#8221; _i=&#8221;0&#8243; _address=&#8221;4.0&#8243;]<\/p>\n<p><span style=\"font-weight: 400;\">\u00c8 bene andare all&#8217;origine del problema che per esempio, potrebbe essere legato ad una cicatrice, a disfunzioni del fegato, in addome o altro ancora.<\/span><\/p>\n<p>[\/et_pb_fullwidth_header][\/et_pb_section][et_pb_section fb_built=&#8221;1&#8243; _builder_version=&#8221;3.27.3&#8243; background_color=&#8221;#f4f4f4&#8243; fb_built=&#8221;1&#8243; _i=&#8221;5&#8243; _address=&#8221;5&#8243;][et_pb_row _builder_version=&#8221;3.27.3&#8243; custom_margin=&#8221;-50px||||false|false&#8221; custom_padding=&#8221;0px|||||&#8221; _i=&#8221;0&#8243; _address=&#8221;5.0&#8243;][et_pb_column type=&#8221;4_4&#8243; _builder_version=&#8221;3.27.3&#8243; _i=&#8221;0&#8243; _address=&#8221;5.0.0&#8243;][et_pb_video src=&#8221;https:\/\/youtu.be\/DUEC-bhqZ0M&#8221; _builder_version=&#8221;3.27.3&#8243; _i=&#8221;0&#8243; _address=&#8221;5.0.0.0&#8243;][\/et_pb_video][\/et_pb_column][\/et_pb_row][\/et_pb_section][et_pb_section fb_built=&#8221;1&#8243; module_id=&#8221;massimo-valente&#8221; _builder_version=&#8221;3.27.3&#8243; fb_built=&#8221;1&#8243; _i=&#8221;6&#8243; _address=&#8221;6&#8243;][et_pb_row _builder_version=&#8221;3.27.3&#8243; _i=&#8221;0&#8243; _address=&#8221;6.0&#8243;][et_pb_column type=&#8221;4_4&#8243; _builder_version=&#8221;3.27.3&#8243; _i=&#8221;0&#8243; _address=&#8221;6.0.0&#8243;][et_pb_team_member name=&#8221;Massimo Valente&#8221; position=&#8221;Osteopata&#8221; image_url=&#8221;https:\/\/www.tuttoergonomia.it\/wp-content\/uploads\/2019\/09\/ms_3254.jpg&#8221; _builder_version=&#8221;3.27.3&#8243; _i=&#8221;0&#8243; _address=&#8221;6.0.0.0&#8243;]<\/p>\n<ul>\n<li>diplomato in osteopatia presso il Centre pour l\u2019Etude, la Recherche e la Diffusion Osteopathiques (CERDO) di Roma;<\/li>\n<li>diplomato all\u2019ISEF di Foggia;<\/li>\n<li>laureato in Scienze Motorie a Chieti;<\/li>\n<li>sono stato docente alla facolt\u00e0 di Scienze Motorie di Foggia di Educazione Motoria Preventiva e Compensativa;<\/li>\n<li>ho studiato e lavorato con alcuni dei pi\u00f9 grandi osteopati al mondo;<\/li>\n<li>ho insegnato osteopatia in scuole riconosciute dal<span>\u00a0<\/span><strong>Roi<\/strong><span>\u00a0<\/span>(Registro Osteopati Italiani) a Roma, Catania e Bari;<\/li>\n<li>direttore del portale italiano dell\u2019osteopatia\u00a0<a class=\"\" href=\"https:\/\/www.tuttosteopatia.it\/\">www.tuttosteopatia.it<\/a>;<\/li>\n<li>sono tra i primi istruttori in Italia del metodo russo di respirazione Buteyko;<\/li>\n<li>tutor prenatale dell\u2019ANEP (Associazione Nazionale per l\u2019Educazione prenatale) e mi occupo di respirazione in gravidanza;<\/li>\n<li>diplomato in Naturopatia con l\u2019Aron presso l\u2019Universit\u00e9 Europ\u00e9enne Jean Monnet a.i.s.b.l. di Bruxelles<\/li>\n<li>Mi occupo dal 1998 di educazione alla sessualit\u00e0 col portale\u00a0<a class=\"\" href=\"https:\/\/www.comodo.it\/\">www.comodo.it<\/a><\/li>\n<li>specializzato in sostegno per bambini psicofisici, videolesi e audiolesi<\/li>\n<li>ho insegnato per 10 anni nelle scuole medie inferiori e superiori;<\/li>\n<li>Trainer di PNL Umanistica dell\u2019Aleph di Mauro Scardovelli e Carolina Bozzo<\/li>\n<\/ul>\n<p>[\/et_pb_team_member][\/et_pb_column][\/et_pb_row][\/et_pb_section][et_pb_section fb_built=&#8221;1&#8243; fullwidth=&#8221;on&#8221; _builder_version=&#8221;3.27.3&#8243; background_color=&#8221;#0c71c3&#8243; background_image=&#8221;https:\/\/www.tuttoergonomia.it\/wp-content\/uploads\/2019\/09\/579.jpg&#8221; fb_built=&#8221;1&#8243; _i=&#8221;7&#8243; _address=&#8221;7&#8243;][et_pb_fullwidth_header title=&#8221;Amplifica il tuo benessere con il giusto respiro&#8221; button_one_text=&#8221;Visita Tuttorespiro&#8221; button_one_url=&#8221;www.tuttorespiro.it&#8221; _builder_version=&#8221;3.27.3&#8243; background_color=&#8221;rgba(12,113,195,0.44)&#8221; button_one_rel=&#8221;off|off|on|on|off&#8221; button_two_rel=&#8221;off|off|on|on|off&#8221; link_option_url=&#8221;www.tuttorespiro.it&#8221; link_option_url_new_window=&#8221;on&#8221; _i=&#8221;0&#8243; _address=&#8221;7.0&#8243;]<\/p>\n<p><span>La respirazione \u00e8 la funzione del corpo che ha il pi\u00f9 grosso impatto sulla salute sia come prevenzione che come cura di alcune malattie. <\/span><span>Su Tuttorespiro potrai imparare le tecniche per controllare e normalizzare il respiro tramite un videocorso.<\/span><\/p>\n<p>[\/et_pb_fullwidth_header][\/et_pb_section][et_pb_section fb_built=&#8221;1&#8243; module_id=&#8221;contatti&#8221; _builder_version=&#8221;3.27.3&#8243; border_width_top=&#8221;2px&#8221; border_color_top=&#8221;#f4f4f4&#8243; custom_padding=&#8221;54px|||||&#8221; fb_built=&#8221;1&#8243; _i=&#8221;8&#8243; _address=&#8221;8&#8243;][et_pb_row _builder_version=&#8221;3.27.3&#8243; _i=&#8221;0&#8243; _address=&#8221;8.0&#8243;][et_pb_column type=&#8221;4_4&#8243; _builder_version=&#8221;3.27.3&#8243; _i=&#8221;0&#8243; _address=&#8221;8.0.0&#8243;][et_pb_text _builder_version=&#8221;3.27.3&#8243; _i=&#8221;0&#8243; _address=&#8221;8.0.0.0&#8243;]<\/p>\n<h3 style=\"text-align: center;\"><strong>Contattaci o chiedi un preventivo<\/strong><\/h3>\n<p>[\/et_pb_text][et_pb_contact_form use_redirect=&#8221;on&#8221; _builder_version=&#8221;3.27.3&#8243; custom_button=&#8221;on&#8221; button_text_color=&#8221;#FFFFFF&#8221; button_bg_color=&#8221;#ff6600&#8243; button_border_width=&#8221;0px&#8221; button_border_radius=&#8221;6px&#8221; _i=&#8221;1&#8243; _address=&#8221;8.0.0.1&#8243; button_bg_enable_color=&#8221;on&#8221;][et_pb_contact_field field_id=&#8221;Name&#8221; field_title=&#8221;Nome&#8221; _builder_version=&#8221;3.27.3&#8243; border_radii=&#8221;on||||&#8221; hover_enabled=&#8221;0&#8243; _i=&#8221;0&#8243; _address=&#8221;8.0.0.1.0&#8243; button_text_size__hover_enabled=&#8221;off&#8221; button_one_text_size__hover_enabled=&#8221;off&#8221; button_two_text_size__hover_enabled=&#8221;off&#8221; button_text_color__hover_enabled=&#8221;off&#8221; button_one_text_color__hover_enabled=&#8221;off&#8221; button_two_text_color__hover_enabled=&#8221;off&#8221; button_border_width__hover_enabled=&#8221;off&#8221; button_one_border_width__hover_enabled=&#8221;off&#8221; button_two_border_width__hover_enabled=&#8221;off&#8221; button_border_color__hover_enabled=&#8221;off&#8221; button_one_border_color__hover_enabled=&#8221;off&#8221; button_two_border_color__hover_enabled=&#8221;off&#8221; button_border_radius__hover_enabled=&#8221;off&#8221; button_one_border_radius__hover_enabled=&#8221;off&#8221; button_two_border_radius__hover_enabled=&#8221;off&#8221; button_letter_spacing__hover_enabled=&#8221;off&#8221; button_one_letter_spacing__hover_enabled=&#8221;off&#8221; button_two_letter_spacing__hover_enabled=&#8221;off&#8221; button_bg_color__hover_enabled=&#8221;off&#8221; button_one_bg_color__hover_enabled=&#8221;off&#8221; button_two_bg_color__hover_enabled=&#8221;off&#8221;][\/et_pb_contact_field][et_pb_contact_field field_id=&#8221;Email&#8221; field_title=&#8221;Indirizzo e-mail&#8221; field_type=&#8221;email&#8221; _builder_version=&#8221;3.16&#8243; border_radii=&#8221;on||||&#8221; _i=&#8221;1&#8243; _address=&#8221;8.0.0.1.1&#8243; button_text_size__hover_enabled=&#8221;off&#8221; button_one_text_size__hover_enabled=&#8221;off&#8221; button_two_text_size__hover_enabled=&#8221;off&#8221; button_text_color__hover_enabled=&#8221;off&#8221; button_one_text_color__hover_enabled=&#8221;off&#8221; button_two_text_color__hover_enabled=&#8221;off&#8221; button_border_width__hover_enabled=&#8221;off&#8221; button_one_border_width__hover_enabled=&#8221;off&#8221; button_two_border_width__hover_enabled=&#8221;off&#8221; button_border_color__hover_enabled=&#8221;off&#8221; button_one_border_color__hover_enabled=&#8221;off&#8221; button_two_border_color__hover_enabled=&#8221;off&#8221; button_border_radius__hover_enabled=&#8221;off&#8221; button_one_border_radius__hover_enabled=&#8221;off&#8221; button_two_border_radius__hover_enabled=&#8221;off&#8221; button_letter_spacing__hover_enabled=&#8221;off&#8221; button_one_letter_spacing__hover_enabled=&#8221;off&#8221; button_two_letter_spacing__hover_enabled=&#8221;off&#8221; button_bg_color__hover_enabled=&#8221;off&#8221; button_one_bg_color__hover_enabled=&#8221;off&#8221; button_two_bg_color__hover_enabled=&#8221;off&#8221;][\/et_pb_contact_field][et_pb_contact_field field_id=&#8221;Message&#8221; field_title=&#8221;Messaggio&#8221; field_type=&#8221;text&#8221; fullwidth_field=&#8221;on&#8221; _builder_version=&#8221;3.16&#8243; border_radii=&#8221;on||||&#8221; _i=&#8221;2&#8243; _address=&#8221;8.0.0.1.2&#8243; button_text_size__hover_enabled=&#8221;off&#8221; button_one_text_size__hover_enabled=&#8221;off&#8221; button_two_text_size__hover_enabled=&#8221;off&#8221; button_text_color__hover_enabled=&#8221;off&#8221; button_one_text_color__hover_enabled=&#8221;off&#8221; button_two_text_color__hover_enabled=&#8221;off&#8221; button_border_width__hover_enabled=&#8221;off&#8221; button_one_border_width__hover_enabled=&#8221;off&#8221; button_two_border_width__hover_enabled=&#8221;off&#8221; button_border_color__hover_enabled=&#8221;off&#8221; button_one_border_color__hover_enabled=&#8221;off&#8221; button_two_border_color__hover_enabled=&#8221;off&#8221; button_border_radius__hover_enabled=&#8221;off&#8221; button_one_border_radius__hover_enabled=&#8221;off&#8221; button_two_border_radius__hover_enabled=&#8221;off&#8221; button_letter_spacing__hover_enabled=&#8221;off&#8221; button_one_letter_spacing__hover_enabled=&#8221;off&#8221; button_two_letter_spacing__hover_enabled=&#8221;off&#8221; button_bg_color__hover_enabled=&#8221;off&#8221; button_one_bg_color__hover_enabled=&#8221;off&#8221; button_two_bg_color__hover_enabled=&#8221;off&#8221;][\/et_pb_contact_field][\/et_pb_contact_form][\/et_pb_column][\/et_pb_row][\/et_pb_section]<\/p>\n","protected":false},"excerpt":{"rendered":"<p>[et_pb_section fb_built=&#8221;1&#8243; _builder_version=&#8221;3.27.3&#8243; background_image=&#8221;https:\/\/www.tuttoergonomia.it\/wp-content\/uploads\/2019\/09\/tuttoergonomia-sfondo-b.jpg&#8221; min_height=&#8221;100vh&#8221; fb_built=&#8221;1&#8243; _i=&#8221;0&#8243; _address=&#8221;0&#8243;][et_pb_row custom_padding_last_edited=&#8221;on|desktop&#8221; _builder_version=&#8221;3.27.3&#8243; custom_padding=&#8221;30vh||||false|false&#8221; custom_padding_tablet=&#8221;25vh||||false|false&#8221; custom_padding_phone=&#8221;15vh||||false|false&#8221; hover_enabled=&#8221;0&#8243; _i=&#8221;1&#8243; _address=&#8221;0.1&#8243; column_structure=&#8221;1_2,1_2&#8243;][et_pb_column type=&#8221;1_2&#8243; _builder_version=&#8221;3.27.3&#8243; _i=&#8221;0&#8243; _address=&#8221;0.1.0&#8243;][et_pb_text _builder_version=&#8221;3.27.3&#8243; hover_enabled=&#8221;0&#8243; text_font_size=&#8221;20px&#8221; text_line_height=&#8221;2em&#8221;] Rispetta la tua schiena e migliora la tua vita e il tuo lavoro [\/et_pb_text][\/et_pb_column][et_pb_column _builder_version=&#8221;3.27.3&#8243; type=&#8221;1_2&#8243;][et_pb_cta title=&#8221;Contattaci o chiedi un preventivo&#8221; button_url=&#8221;#contatti&#8221; button_text=&#8221;Invia&#8221; _builder_version=&#8221;3.27.3&#8243; background_color=&#8221;#ff6600&#8243; _i=&#8221;0&#8243; _address=&#8221;0.1.0.0&#8243;] Richiedi un preventivo [&hellip;]<\/p>\n","protected":false},"author":1,"featured_media":0,"parent":0,"menu_order":0,"comment_status":"closed","ping_status":"open","template":"","meta":{"_et_pb_use_builder":"on","_et_pb_old_content":"","footnotes":""},"class_list":["post-2","page","type-page","status-publish","hentry"],"_links":{"self":[{"href":"https:\/\/www.tuttoergonomia.it\/index.php?rest_route=\/wp\/v2\/pages\/2","targetHints":{"allow":["GET"]}}],"collection":[{"href":"https:\/\/www.tuttoergonomia.it\/index.php?rest_route=\/wp\/v2\/pages"}],"about":[{"href":"https:\/\/www.tuttoergonomia.it\/index.php?rest_route=\/wp\/v2\/types\/page"}],"author":[{"embeddable":true,"href":"https:\/\/www.tuttoergonomia.it\/index.php?rest_route=\/wp\/v2\/users\/1"}],"replies":[{"embeddable":true,"href":"https:\/\/www.tuttoergonomia.it\/index.php?rest_route=%2Fwp%2Fv2%2Fcomments&post=2"}],"version-history":[{"count":23,"href":"https:\/\/www.tuttoergonomia.it\/index.php?rest_route=\/wp\/v2\/pages\/2\/revisions"}],"predecessor-version":[{"id":104,"href":"https:\/\/www.tuttoergonomia.it\/index.php?rest_route=\/wp\/v2\/pages\/2\/revisions\/104"}],"wp:attachment":[{"href":"https:\/\/www.tuttoergonomia.it\/index.php?rest_route=%2Fwp%2Fv2%2Fmedia&parent=2"}],"curies":[{"name":"wp","href":"https:\/\/api.w.org\/{rel}","templated":true}]}}